{"id":23548,"date":"2024-12-10T08:26:18","date_gmt":"2024-12-10T13:26:18","guid":{"rendered":"https:\/\/motrec.com\/?page_id=23548"},"modified":"2024-12-10T13:37:59","modified_gmt":"2024-12-10T18:37:59","slug":"achat-cooperatif","status":"publish","type":"page","link":"https:\/\/motrec.com\/fr\/achat-cooperatif\/","title":{"rendered":"Achat Coop\u00e9ratif"},"content":{"rendered":"","protected":false},"excerpt":{"rendered":"","protected":false},"author":5,"featured_media":0,"parent":0,"menu_order":155,"comment_status":"closed","ping_status":"closed","template":"","meta":{"_acf_changed":false,"inline_featured_image":false},"class_list":["post-23548","page","type-page","status-publish","hentry"],"acf":[],"yoast_head":"<!-- This site is optimized with the Yoast SEO plugin v27.4 - https:\/\/yoast.com\/product\/yoast-seo-wordpress\/ -->\n<title>Achat Coop\u00e9ratif - Motrec<\/title>\n<meta name=\"description\" content=\"Acc\u00e9dez facilement aux v\u00e9hicules \u00e9lectriques durables et performants de Motrec gr\u00e2ce aux programmes d\u2019achat coop\u00e9ratif. Con\u00e7us pour r\u00e9pondre aux besoins des organisations publiques, priv\u00e9es et \u00e0 but non lucratif, nos v\u00e9hicules offrent une fiabilit\u00e9 et des performances in\u00e9gal\u00e9es tout en simplifiant votre processus d\u2019approvisionnement. Laissez-nous vous aider \u00e0 am\u00e9liorer l\u2019efficacit\u00e9 et la durabilit\u00e9 dans chacune de vos op\u00e9rations.\" \/>\n<meta name=\"robots\" content=\"index, follow, max-snippet:-1, max-image-preview:large, max-video-preview:-1\" \/>\n<link rel=\"canonical\" href=\"https:\/\/motrec.com\/fr\/achat-cooperatif\/\" \/>\n<meta property=\"og:locale\" content=\"fr_CA\" \/>\n<meta property=\"og:type\" content=\"article\" \/>\n<meta property=\"og:title\" content=\"Achat Coop\u00e9ratif - Motrec\" \/>\n<meta property=\"og:description\" content=\"Acc\u00e9dez facilement aux v\u00e9hicules \u00e9lectriques durables et performants de Motrec gr\u00e2ce aux programmes d\u2019achat coop\u00e9ratif. Con\u00e7us pour r\u00e9pondre aux besoins des organisations publiques, priv\u00e9es et \u00e0 but non lucratif, nos v\u00e9hicules offrent une fiabilit\u00e9 et des performances in\u00e9gal\u00e9es tout en simplifiant votre processus d\u2019approvisionnement. Laissez-nous vous aider \u00e0 am\u00e9liorer l\u2019efficacit\u00e9 et la durabilit\u00e9 dans chacune de vos op\u00e9rations.\" \/>\n<meta property=\"og:url\" content=\"https:\/\/motrec.com\/fr\/achat-cooperatif\/\" \/>\n<meta property=\"og:site_name\" content=\"Motrec\" \/>\n<meta property=\"article:modified_time\" content=\"2024-12-10T18:37:59+00:00\" \/>\n<meta name=\"twitter:card\" content=\"summary_large_image\" \/>\n<script type=\"application\/ld+json\" class=\"yoast-schema-graph\">{\"@context\":\"https:\\\/\\\/schema.org\",\"@graph\":[{\"@type\":\"WebPage\",\"@id\":\"https:\\\/\\\/motrec.com\\\/fr\\\/achat-cooperatif\\\/\",\"url\":\"https:\\\/\\\/motrec.com\\\/fr\\\/achat-cooperatif\\\/\",\"name\":\"Achat Coop\u00e9ratif - Motrec\",\"isPartOf\":{\"@id\":\"https:\\\/\\\/motrec.com\\\/fr\\\/#website\"},\"datePublished\":\"2024-12-10T13:26:18+00:00\",\"dateModified\":\"2024-12-10T18:37:59+00:00\",\"description\":\"Acc\u00e9dez facilement aux v\u00e9hicules \u00e9lectriques durables et performants de Motrec gr\u00e2ce aux programmes d\u2019achat coop\u00e9ratif. Con\u00e7us pour r\u00e9pondre aux besoins des organisations publiques, priv\u00e9es et \u00e0 but non lucratif, nos v\u00e9hicules offrent une fiabilit\u00e9 et des performances in\u00e9gal\u00e9es tout en simplifiant votre processus d\u2019approvisionnement. Laissez-nous vous aider \u00e0 am\u00e9liorer l\u2019efficacit\u00e9 et la durabilit\u00e9 dans chacune de vos op\u00e9rations.\",\"breadcrumb\":{\"@id\":\"https:\\\/\\\/motrec.com\\\/fr\\\/achat-cooperatif\\\/#breadcrumb\"},\"inLanguage\":\"fr-CA\",\"potentialAction\":[{\"@type\":\"ReadAction\",\"target\":[\"https:\\\/\\\/motrec.com\\\/fr\\\/achat-cooperatif\\\/\"]}]},{\"@type\":\"BreadcrumbList\",\"@id\":\"https:\\\/\\\/motrec.com\\\/fr\\\/achat-cooperatif\\\/#breadcrumb\",\"itemListElement\":[{\"@type\":\"ListItem\",\"position\":1,\"name\":\"Accueil\",\"item\":\"https:\\\/\\\/motrec.com\\\/fr\\\/\"},{\"@type\":\"ListItem\",\"position\":2,\"name\":\"Achat Coop\u00e9ratif\"}]},{\"@type\":\"WebSite\",\"@id\":\"https:\\\/\\\/motrec.com\\\/fr\\\/#website\",\"url\":\"https:\\\/\\\/motrec.com\\\/fr\\\/\",\"name\":\"Motrec\",\"description\":\"\",\"potentialAction\":[{\"@type\":\"SearchAction\",\"target\":{\"@type\":\"EntryPoint\",\"urlTemplate\":\"https:\\\/\\\/motrec.com\\\/fr\\\/?s={search_term_string}\"},\"query-input\":{\"@type\":\"PropertyValueSpecification\",\"valueRequired\":true,\"valueName\":\"search_term_string\"}}],\"inLanguage\":\"fr-CA\"}]}<\/script>\n<!-- \/ Yoast SEO plugin. -->","yoast_head_json":{"title":"Achat Coop\u00e9ratif - Motrec","description":"Acc\u00e9dez facilement aux v\u00e9hicules \u00e9lectriques durables et performants de Motrec gr\u00e2ce aux programmes d\u2019achat coop\u00e9ratif. Con\u00e7us pour r\u00e9pondre aux besoins des organisations publiques, priv\u00e9es et \u00e0 but non lucratif, nos v\u00e9hicules offrent une fiabilit\u00e9 et des performances in\u00e9gal\u00e9es tout en simplifiant votre processus d\u2019approvisionnement. Laissez-nous vous aider \u00e0 am\u00e9liorer l\u2019efficacit\u00e9 et la durabilit\u00e9 dans chacune de vos op\u00e9rations.","robots":{"index":"index","follow":"follow","max-snippet":"max-snippet:-1","max-image-preview":"max-image-preview:large","max-video-preview":"max-video-preview:-1"},"canonical":"https:\/\/motrec.com\/fr\/achat-cooperatif\/","og_locale":"fr_CA","og_type":"article","og_title":"Achat Coop\u00e9ratif - Motrec","og_description":"Acc\u00e9dez facilement aux v\u00e9hicules \u00e9lectriques durables et performants de Motrec gr\u00e2ce aux programmes d\u2019achat coop\u00e9ratif. Con\u00e7us pour r\u00e9pondre aux besoins des organisations publiques, priv\u00e9es et \u00e0 but non lucratif, nos v\u00e9hicules offrent une fiabilit\u00e9 et des performances in\u00e9gal\u00e9es tout en simplifiant votre processus d\u2019approvisionnement. Laissez-nous vous aider \u00e0 am\u00e9liorer l\u2019efficacit\u00e9 et la durabilit\u00e9 dans chacune de vos op\u00e9rations.","og_url":"https:\/\/motrec.com\/fr\/achat-cooperatif\/","og_site_name":"Motrec","article_modified_time":"2024-12-10T18:37:59+00:00","twitter_card":"summary_large_image","schema":{"@context":"https:\/\/schema.org","@graph":[{"@type":"WebPage","@id":"https:\/\/motrec.com\/fr\/achat-cooperatif\/","url":"https:\/\/motrec.com\/fr\/achat-cooperatif\/","name":"Achat Coop\u00e9ratif - Motrec","isPartOf":{"@id":"https:\/\/motrec.com\/fr\/#website"},"datePublished":"2024-12-10T13:26:18+00:00","dateModified":"2024-12-10T18:37:59+00:00","description":"Acc\u00e9dez facilement aux v\u00e9hicules \u00e9lectriques durables et performants de Motrec gr\u00e2ce aux programmes d\u2019achat coop\u00e9ratif. Con\u00e7us pour r\u00e9pondre aux besoins des organisations publiques, priv\u00e9es et \u00e0 but non lucratif, nos v\u00e9hicules offrent une fiabilit\u00e9 et des performances in\u00e9gal\u00e9es tout en simplifiant votre processus d\u2019approvisionnement. Laissez-nous vous aider \u00e0 am\u00e9liorer l\u2019efficacit\u00e9 et la durabilit\u00e9 dans chacune de vos op\u00e9rations.","breadcrumb":{"@id":"https:\/\/motrec.com\/fr\/achat-cooperatif\/#breadcrumb"},"inLanguage":"fr-CA","potentialAction":[{"@type":"ReadAction","target":["https:\/\/motrec.com\/fr\/achat-cooperatif\/"]}]},{"@type":"BreadcrumbList","@id":"https:\/\/motrec.com\/fr\/achat-cooperatif\/#breadcrumb","itemListElement":[{"@type":"ListItem","position":1,"name":"Accueil","item":"https:\/\/motrec.com\/fr\/"},{"@type":"ListItem","position":2,"name":"Achat Coop\u00e9ratif"}]},{"@type":"WebSite","@id":"https:\/\/motrec.com\/fr\/#website","url":"https:\/\/motrec.com\/fr\/","name":"Motrec","description":"","potentialAction":[{"@type":"SearchAction","target":{"@type":"EntryPoint","urlTemplate":"https:\/\/motrec.com\/fr\/?s={search_term_string}"},"query-input":{"@type":"PropertyValueSpecification","valueRequired":true,"valueName":"search_term_string"}}],"inLanguage":"fr-CA"}]}},"_links":{"self":[{"href":"https:\/\/motrec.com\/fr\/wp-json\/wp\/v2\/pages\/23548","targetHints":{"allow":["GET"]}}],"collection":[{"href":"https:\/\/motrec.com\/fr\/wp-json\/wp\/v2\/pages"}],"about":[{"href":"https:\/\/motrec.com\/fr\/wp-json\/wp\/v2\/types\/page"}],"author":[{"embeddable":true,"href":"https:\/\/motrec.com\/fr\/wp-json\/wp\/v2\/users\/5"}],"replies":[{"embeddable":true,"href":"https:\/\/motrec.com\/fr\/wp-json\/wp\/v2\/comments?post=23548"}],"version-history":[{"count":0,"href":"https:\/\/motrec.com\/fr\/wp-json\/wp\/v2\/pages\/23548\/revisions"}],"wp:attachment":[{"href":"https:\/\/motrec.com\/fr\/wp-json\/wp\/v2\/media?parent=23548"}],"curies":[{"name":"wp","href":"https:\/\/api.w.org\/{rel}","templated":true}]}}